{"id":1971,"date":"2022-11-25T07:59:00","date_gmt":"2022-11-25T07:59:00","guid":{"rendered":"https:\/\/irtecon.com\/?page_id=1971"},"modified":"2023-04-17T07:42:07","modified_gmt":"2023-04-17T07:42:07","slug":"politica-de-privacidad","status":"publish","type":"page","link":"https:\/\/irtecon.com\/en\/politica-de-privacidad\/","title":{"rendered":"Privacy Policy"},"content":{"rendered":"<div class=\"vc_row wpb_row vc_row-fluid\"><div class=\"wpb_column vc_column_container vc_col-sm-12\"><div class=\"vc_column-inner\"><div class=\"wpb_wrapper\">\n\t<div class=\"wpb_text_column wpb_content_element\" >\n\t\t<div class=\"wpb_wrapper\">\n\t\t\t<p><span style=\"font-size: x-large;\"><strong>Data of the owner of the Web<\/strong><\/span><\/p>\n<hr \/>\n<table width=\"568\">\n<tbody>\n<tr>\n<td style=\"text-align: center;\" width=\"284\"><strong><span style=\"font-family: Lato; font-size: medium;\">BUSINESS NAME<\/span><\/strong><\/td>\n<td style=\"text-align: center;\" width=\"284\"><span style=\"font-family: Lato; font-size: medium;\">IRTECON S.L<\/span><\/td>\n<\/tr>\n<tr>\n<td style=\"text-align: center;\" width=\"284\"><strong><span style=\"font-family: Lato; font-size: medium;\">NIF<\/span><\/strong><\/td>\n<td style=\"text-align: center;\" width=\"284\"><span style=\"font-family: Lato; font-size: medium;\">A78806510<\/span><\/td>\n<\/tr>\n<tr>\n<td width=\"284\">\n<p style=\"text-align: center;\"><strong>ADDRESS <\/strong><strong>POSTAL<\/strong><\/p>\n<\/td>\n<td style=\"text-align: center;\" width=\"284\"><span style=\"font-family: Lato; font-size: medium;\">INDUSTRIAL ESTATE AVENUES SECOND AVENUE 10-12 28991, TORREJON DE LA CALZADA (MADRID)<\/span><\/td>\n<\/tr>\n<tr>\n<td width=\"284\">\n<p style=\"text-align: center;\"><strong>ADDRESS <\/strong><strong>ELECTRONIC<\/strong><\/p>\n<\/td>\n<td style=\"text-align: center;\" width=\"284\"><span style=\"font-family: Lato; font-size: medium;\">info@irtecon.com<\/span><\/td>\n<\/tr>\n<tr>\n<td style=\"text-align: center;\" width=\"284\"><strong><span style=\"font-family: Lato; font-size: medium;\">PHONES<\/span><\/strong><\/td>\n<td style=\"text-align: center;\" width=\"284\"><span style=\"font-family: Lato; font-size: medium;\">918 160 759 \/ 918 169 059<\/span><\/td>\n<\/tr>\n<tr>\n<td width=\"284\">\n<p style=\"text-align: center;\"><strong>COMMERCIAL REGISTRY <\/strong><strong>MERCANTIL<\/strong><\/p>\n<\/td>\n<td style=\"text-align: center;\" width=\"284\"><\/td>\n<\/tr>\n<tr>\n<td width=\"284\">\n<p style=\"text-align: center;\"><strong>GOAL <\/strong><strong>MAIN<\/strong><\/p>\n<\/td>\n<td style=\"text-align: center;\" width=\"284\"><span style=\"font-family: Lato; font-size: medium;\">Specialists in cold technologies, both at the level of design and technical assistance and in the execution of works.<\/span><\/td>\n<\/tr>\n<\/tbody>\n<\/table>\n\n\t\t<\/div>\n\t<\/div>\n\r\n\r\n<div class=\"wd_empty_space\" data-heightmobile=\"130px\" data-heighttablet=\"130px\" data-heightdesktop=\"130px\">\r\n\r\n<\/div>\r\n      \r\n\r\n\r\n\r\n        \r\n      \r\n    \n\t<div class=\"wpb_text_column wpb_content_element\" >\n\t\t<div class=\"wpb_wrapper\">\n\t\t\t<p><span style=\"font-size: x-large;\"><strong>Data of the owner of the Web<\/strong><\/span><\/p>\n<hr \/>\n<p>In accordance with current and applicable regulations on the protection of personal data, we inform you that your data will be incorporated into the treatment system owned by IRTECON SL with NIF B86024288 and registered office at POL\u00cdGONO INDUSTRIAL LAS AVENIDAS AVDA SEGUNDA 10-12 28991, TORREJON DE LA CALZADA (MADRID), and that their respective purposes, conservation periods and legitimizing bases are listed below. For those treatments that require it, the possible elaboration of profiles and automated decisions are also reported, as well as the possible assignments and international transfers that IRTECON SL plans to carry out:<\/p>\n<p>&nbsp;<\/p>\n<table>\n<tbody>\n<tr>\n<td style=\"text-align: center;\" colspan=\"2\" width=\"543\"><strong><span style=\"font-family: Lato; font-size: medium;\">TREATMENTS CARRIED OUT<\/span><\/strong><\/td>\n<\/tr>\n<tr>\n<td width=\"169\">\n<p style=\"text-align: center;\" class=\"translation-block\">Website management<\/p>\n<\/td>\n<td width=\"374\">\n<p style=\"text-align: center;\"><strong>Purpose:<\/strong> Treatment and management of the data necessary for the functionality of the website<\/p>\n<p style=\"text-align: center;\"><strong>Conservation period:<\/strong> while the consent given lasts<\/p>\n<p style=\"text-align: center;\"><strong>Legitimate basis:<\/strong> The consent of the interested party<\/p>\n<p style=\"text-align: center;\"><strong>Tipolog\u00eda de Datos:<\/strong> Merely identifying data<\/p>\n<p style=\"text-align: center;\"><strong>Assignments:<\/strong>:Not foreseen<\/p>\n<p style=\"text-align: center;\"><strong>International Transfers<\/strong>:Not foreseen<\/p>\n<p style=\"text-align: center;\"><strong>Profile elaborations<\/strong>:Not foreseen<\/p>\n<\/td>\n<\/tr>\n<tr>\n<td width=\"169\">\n<p style=\"text-align: center;\" class=\"translation-block\">web form<\/p>\n<\/td>\n<td width=\"374\">\n<p style=\"text-align: center;\"><strong>Purpose:<\/strong> Respond to your queries and\/or requests<\/p>\n<p style=\"text-align: center;\"><strong>Conservation period:<\/strong>while the consent given is maintained.<\/p>\n<p style=\"text-align: center;\"><strong>Legitimate basis:<\/strong>The consent of the interested party<\/p>\n<p style=\"text-align: center;\"><strong>Type of Data<\/strong>:Merely identifying data<\/p>\n<p style=\"text-align: center;\"><strong>Assignments:<\/strong>None<\/p>\n<p style=\"text-align: center;\"><strong>International Transfers<\/strong>:Not foreseen<\/p>\n<p style=\"text-align: center;\"><strong>Profile elaborations<\/strong>:Not foreseen<\/p>\n<\/td>\n<\/tr>\n<tr>\n<td width=\"169\">\n<p style=\"text-align: center;\" class=\"translation-block\">Regulatory compliance management<\/p>\n<\/td>\n<td width=\"374\">\n<p style=\"text-align: center;\"><strong>Purpose<\/strong>: Management and processing of the obligations and duties derived from compliance with the regulations to which the entity is subject<\/p>\n<p style=\"text-align: center;\"><strong>Conservation period:<\/strong>conservation of the copies of the documents until the prescription of the actions to claim a possible responsibility<\/p>\n<p style=\"text-align: center;\"><strong>Legitimate basis:<\/strong>Compliance with a law<\/p>\n<p style=\"text-align: center;\"><strong>Type of Data<\/strong>:Merely identifying data<\/p>\n<p style=\"text-align: center;\"><strong>Assignments:<\/strong>your data will be communicated if necessary to Agencies and\/or public administration with competence in the matter in order to comply with the obligations established in the applicable regulations. In addition, it is reported that the legitimizing basis of the assignment is to comply with the obligations established in the applicable regulations.<\/p>\n<p style=\"text-align: center;\"><strong>International Transfers<\/strong>:Not foreseen<\/p>\n<p style=\"text-align: center;\"><strong>Profile elaborations<\/strong>:Not foreseen<\/p>\n<\/td>\n<\/tr>\n<tr>\n<td style=\"text-align: center;\" width=\"169\"><strong>\u00a0<\/strong><\/p>\n<p class=\"translation-block\">Commercial activities<\/td>\n<td width=\"374\">\n<p style=\"text-align: center;\"><strong>Purpose<\/strong>: Collection, registration and processing of data for the purposes of advertising and commercial prospecting of our products and\/or services<\/p>\n<p style=\"text-align: center;\"><strong>Conservation period:<\/strong>as long as the consent given is maintained<\/p>\n<p style=\"text-align: center;\"><strong>Legitimate basis:<\/strong>The consent of the interested party<\/p>\n<p style=\"text-align: center;\"><strong>Type of Data<\/strong>:Merely identifying data<\/p>\n<p style=\"text-align: center;\"><strong>Assignments:<\/strong>None<\/p>\n<p style=\"text-align: center;\"><strong>International Transfers<\/strong>:Not foreseen<\/p>\n<p style=\"text-align: center;\"><strong>Profile elaborations<\/strong>:Not foreseen<\/p>\n<\/td>\n<\/tr>\n<\/tbody>\n<\/table>\n\n\t\t<\/div>\n\t<\/div>\n\r\n\r\n<div class=\"wd_empty_space\" data-heightmobile=\"130px\" data-heighttablet=\"130px\" data-heightdesktop=\"130px\">\r\n\r\n<\/div>\r\n      \r\n\r\n\r\n\r\n        \r\n      \r\n    \n\t<div class=\"wpb_text_column wpb_content_element\" >\n\t\t<div class=\"wpb_wrapper\">\n\t\t\t<p><span style=\"font-size: x-large;\"><strong>Data of the interested parties<\/strong><\/span><\/p>\n<hr \/>\n<p><span style=\"font-size: medium;\"><br \/>\nIRTECON SL informs Users that they may exercise the rights of access, rectification, limitation, deletion, portability and opposition to the processing of their personal data before the Data Controller, as well as the withdrawal of the consent given.<\/span><\/p>\n<ul>\n<li><span style=\"color: #000000;\"><b>Right of Access:<\/b>\u00a0It is the right of the user to obtain information about their specific personal data and the treatment that has been carried out or carried out, as well as the information available on the origin of said data and the communications made or planned thereof.<\/span><\/li>\n<li><span style=\"color: #000000;\"><b>Right of Rectification:<\/b> It is the right of the affected party to modify the data that turns out to be inaccurate or incomplete. It can only be satisfied in relation to that information that is under the control of IRTECON SL, for example, deleting comments published on the page itself, images or web content containing personal data of the user.<\/span><\/li>\n<li><span style=\"color: #000000;\"><b>Right to Limitation of treatment:<\/b>\u00a0It is the right to limit the purposes of the treatment originally provided by the person in charge of the treatment.<\/span><\/li>\n<li><span style=\"color: #000000;\"><b>Right of Suppression:<\/b>\u00a0It is the right to delete the personal data of the user, except for what is provided in the RGPD itself or in other applicable regulations that determine the obligatory nature of their conservation, in a timely manner.<\/span><\/li>\n<li><span style=\"color: #000000;\"><b>Right of portability:<\/b>\u00a0The right to receive the personal data that the user has provided, in a structured format, of common use and mechanical reading, and to transmit them to another person in charge<\/span><\/li>\n<li><span style=\"color: #000000;\"><b>Right of Opposition:<\/b> It is the right of the user not to carry out the processing of their personal data or to cease their processing by IRTECON SL.<\/span><\/li>\n<\/ul>\n<div><\/div>\n<div>In order to exercise any of the rights described above, you must meet the following requirements:<\/div>\n<div><\/div>\n<div><\/div>\n<div>\n<ul>\n<li><span style=\"color: #000000;\">Presentation of a letter to the address POL\u00cdGONO INDUSTRIAL LAS AVENIDAS AVDA SEGUNDA 10-12 28991, TORREJON DE LA CALZADA (MADRID) (to the attention of IRTECON SL) or via emai <a style=\"color: #6fa3fe;\" href=\"mailto:info@irtecon.com\">info@irtecon.com<\/a>.<\/span><\/li>\n<li><span style=\"color: #000000;\">The letter sent by the owner of the data requesting the exercise must meet the following legal requirements:<\/span>\n<ul>\n<li><span style=\"color: #000000;\">Name, surname of the interested party and copy of the DNI\/NIE or any identification document. In exceptional cases in which representation is admitted, identification by the same means of the person representing you will also be necessary, as well as the document accrediting the representation. The photocopy of the DNI may be replaced as long as the identity is proven by any other legally valid means.<\/span><\/li>\n<li><span style=\"color: #000000;\">Petition in which the request is specified. (Exercise in which the information you want to access is requested). If you do not refer to a specific file, you will be provided with all the information that is available with your personal data. If you request information from a specific file, only the information from this file. If you request information related to a third party, it can never be provided. If you request it by phone, you will be told to do so in writing and you will be informed of how you can do it and the address to which you have to send it. You will never be given information over the phone.<\/span><\/li>\n<li><span style=\"color: #000000;\">Domicile for the purpose of notifications.<\/span><\/li>\n<li><span style=\"color: #000000;\">Date and signature of the applicant.<\/span><\/li>\n<li><span style=\"color: #000000;\">Supporting documents of the request made.<\/span><\/li>\n<li><span style=\"color: #000000;\">The interested party must use any means that allows accrediting the sending and receipt of the request.<\/span><\/li>\n<\/ul>\n<\/li>\n<\/ul>\n<\/div>\n<p>Finally, we inform you that you have the right to file a claim with the Spanish Agency for Data Protection in the event that you are aware of or consider that a fact may entail a breach of the applicable regulations on data protection.<\/p>\n<p>IRTECON SL undertakes to adopt the necessary technical and organizational measures, according to the level of risks that accompany the treatments carried out by them and indicated in the section on the terms and conditions of use, in order to guarantee their integrity, confidentiality and availability.<\/p>\n\n\t\t<\/div>\n\t<\/div>\n\r\n\r\n<div class=\"wd_empty_space\" data-heightmobile=\"130px\" data-heighttablet=\"130px\" data-heightdesktop=\"130px\">\r\n\r\n<\/div>\r\n      \r\n\r\n\r\n\r\n        \r\n      \r\n    \n\t<div  class=\"wpb_single_image wpb_content_element vc_align_center\">\n\t\t\n\t\t<figure class=\"wpb_wrapper vc_figure\">\n\t\t\t<div class=\"vc_single_image-wrapper   vc_box_border_grey\"><img decoding=\"async\" width=\"250\" height=\"107\" src=\"https:\/\/irtecon.com\/wp-content\/uploads\/2022\/11\/logo_trans_250.png\" class=\"vc_single_image-img attachment-full\" alt=\"\" title=\"logo_trans_250\" \/><\/div>\n\t\t<\/figure>\n\t<\/div>\n\r\n\r\n<div class=\"wd_empty_space\" data-heightmobile=\"130px\" data-heighttablet=\"130px\" data-heightdesktop=\"130px\">\r\n\r\n<\/div>\r\n      \r\n\r\n\r\n\r\n        \r\n      \r\n    <\/div><\/div><\/div><\/div>","protected":false},"excerpt":{"rendered":"Datos del propietario de la Web RAZ\u00d3N SOCIAL IRTECON S.L NIF A78806510 DIRECCI\u00d3N POSTAL POL\u00cdGONO INDUSTRIAL LAS AVENIDAS AVDA SEGUNDA 10-12 28991, [...]","protected":false},"author":6,"featured_media":0,"parent":0,"menu_order":0,"comment_status":"closed","ping_status":"closed","template":"","meta":{"footnotes":""},"yoast_head":"<!-- This site is optimized with the Yoast SEO plugin v24.5 - https:\/\/yoast.com\/wordpress\/plugins\/seo\/ -->\n<title>Pol\u00edtica de Privacidad - Irtecon<\/title>\n<meta name=\"robots\" content=\"index, follow, max-snippet:-1, max-image-preview:large, max-video-preview:-1\" \/>\n<link rel=\"canonical\" href=\"https:\/\/irtecon.com\/en\/politica-de-privacidad\/\" \/>\n<meta property=\"og:locale\" content=\"en_US\" \/>\n<meta property=\"og:type\" content=\"article\" \/>\n<meta property=\"og:title\" content=\"Pol\u00edtica de Privacidad - Irtecon\" \/>\n<meta property=\"og:url\" content=\"https:\/\/irtecon.com\/en\/politica-de-privacidad\/\" \/>\n<meta property=\"og:site_name\" content=\"Irtecon\" \/>\n<meta property=\"article:modified_time\" content=\"2023-04-17T07:42:07+00:00\" \/>\n<meta name=\"twitter:card\" content=\"summary_large_image\" \/>\n<meta name=\"twitter:label1\" content=\"Est. reading time\" \/>\n\t<meta name=\"twitter:data1\" content=\"6 minutes\" \/>\n<script type=\"application\/ld+json\" class=\"yoast-schema-graph\">{\"@context\":\"https:\/\/schema.org\",\"@graph\":[{\"@type\":\"WebPage\",\"@id\":\"https:\/\/irtecon.com\/politica-de-privacidad\/\",\"url\":\"https:\/\/irtecon.com\/politica-de-privacidad\/\",\"name\":\"Pol\u00edtica de Privacidad - Irtecon\",\"isPartOf\":{\"@id\":\"https:\/\/irtecon.com\/#website\"},\"datePublished\":\"2022-11-25T07:59:00+00:00\",\"dateModified\":\"2023-04-17T07:42:07+00:00\",\"breadcrumb\":{\"@id\":\"https:\/\/irtecon.com\/politica-de-privacidad\/#breadcrumb\"},\"inLanguage\":\"en-US\",\"potentialAction\":[{\"@type\":\"ReadAction\",\"target\":[\"https:\/\/irtecon.com\/politica-de-privacidad\/\"]}]},{\"@type\":\"BreadcrumbList\",\"@id\":\"https:\/\/irtecon.com\/politica-de-privacidad\/#breadcrumb\",\"itemListElement\":[{\"@type\":\"ListItem\",\"position\":1,\"name\":\"Portada\",\"item\":\"https:\/\/irtecon.com\/\"},{\"@type\":\"ListItem\",\"position\":2,\"name\":\"Pol\u00edtica de Privacidad\"}]},{\"@type\":\"WebSite\",\"@id\":\"https:\/\/irtecon.com\/#website\",\"url\":\"https:\/\/irtecon.com\/\",\"name\":\"Irtecon\",\"description\":\"International Road Technology Consulting\",\"publisher\":{\"@id\":\"https:\/\/irtecon.com\/#organization\"},\"potentialAction\":[{\"@type\":\"SearchAction\",\"target\":{\"@type\":\"EntryPoint\",\"urlTemplate\":\"https:\/\/irtecon.com\/?s={search_term_string}\"},\"query-input\":{\"@type\":\"PropertyValueSpecification\",\"valueRequired\":true,\"valueName\":\"search_term_string\"}}],\"inLanguage\":\"en-US\"},{\"@type\":\"Organization\",\"@id\":\"https:\/\/irtecon.com\/#organization\",\"name\":\"Irtecon\",\"url\":\"https:\/\/irtecon.com\/\",\"logo\":{\"@type\":\"ImageObject\",\"inLanguage\":\"en-US\",\"@id\":\"https:\/\/irtecon.com\/#\/schema\/logo\/image\/\",\"url\":\"https:\/\/irtecon.com\/wp-content\/uploads\/2022\/11\/logo_trans_250.png\",\"contentUrl\":\"https:\/\/irtecon.com\/wp-content\/uploads\/2022\/11\/logo_trans_250.png\",\"width\":250,\"height\":107,\"caption\":\"Irtecon\"},\"image\":{\"@id\":\"https:\/\/irtecon.com\/#\/schema\/logo\/image\/\"}}]}<\/script>\n<!-- \/ Yoast SEO plugin. -->","yoast_head_json":{"title":"Pol\u00edtica de Privacidad - Irtecon","robots":{"index":"index","follow":"follow","max-snippet":"max-snippet:-1","max-image-preview":"max-image-preview:large","max-video-preview":"max-video-preview:-1"},"canonical":"https:\/\/irtecon.com\/en\/politica-de-privacidad\/","og_locale":"en_US","og_type":"article","og_title":"Pol\u00edtica de Privacidad - Irtecon","og_url":"https:\/\/irtecon.com\/en\/politica-de-privacidad\/","og_site_name":"Irtecon","article_modified_time":"2023-04-17T07:42:07+00:00","twitter_card":"summary_large_image","twitter_misc":{"Est. reading time":"6 minutes"},"schema":{"@context":"https:\/\/schema.org","@graph":[{"@type":"WebPage","@id":"https:\/\/irtecon.com\/politica-de-privacidad\/","url":"https:\/\/irtecon.com\/politica-de-privacidad\/","name":"Pol\u00edtica de Privacidad - Irtecon","isPartOf":{"@id":"https:\/\/irtecon.com\/#website"},"datePublished":"2022-11-25T07:59:00+00:00","dateModified":"2023-04-17T07:42:07+00:00","breadcrumb":{"@id":"https:\/\/irtecon.com\/politica-de-privacidad\/#breadcrumb"},"inLanguage":"en-US","potentialAction":[{"@type":"ReadAction","target":["https:\/\/irtecon.com\/politica-de-privacidad\/"]}]},{"@type":"BreadcrumbList","@id":"https:\/\/irtecon.com\/politica-de-privacidad\/#breadcrumb","itemListElement":[{"@type":"ListItem","position":1,"name":"Portada","item":"https:\/\/irtecon.com\/"},{"@type":"ListItem","position":2,"name":"Pol\u00edtica de Privacidad"}]},{"@type":"WebSite","@id":"https:\/\/irtecon.com\/#website","url":"https:\/\/irtecon.com\/","name":"Irtecon","description":"International Road Technology Consulting","publisher":{"@id":"https:\/\/irtecon.com\/#organization"},"potentialAction":[{"@type":"SearchAction","target":{"@type":"EntryPoint","urlTemplate":"https:\/\/irtecon.com\/?s={search_term_string}"},"query-input":{"@type":"PropertyValueSpecification","valueRequired":true,"valueName":"search_term_string"}}],"inLanguage":"en-US"},{"@type":"Organization","@id":"https:\/\/irtecon.com\/#organization","name":"Irtecon","url":"https:\/\/irtecon.com\/","logo":{"@type":"ImageObject","inLanguage":"en-US","@id":"https:\/\/irtecon.com\/#\/schema\/logo\/image\/","url":"https:\/\/irtecon.com\/wp-content\/uploads\/2022\/11\/logo_trans_250.png","contentUrl":"https:\/\/irtecon.com\/wp-content\/uploads\/2022\/11\/logo_trans_250.png","width":250,"height":107,"caption":"Irtecon"},"image":{"@id":"https:\/\/irtecon.com\/#\/schema\/logo\/image\/"}}]}},"_links":{"self":[{"href":"https:\/\/irtecon.com\/en\/wp-json\/wp\/v2\/pages\/1971"}],"collection":[{"href":"https:\/\/irtecon.com\/en\/wp-json\/wp\/v2\/pages"}],"about":[{"href":"https:\/\/irtecon.com\/en\/wp-json\/wp\/v2\/types\/page"}],"author":[{"embeddable":true,"href":"https:\/\/irtecon.com\/en\/wp-json\/wp\/v2\/users\/6"}],"replies":[{"embeddable":true,"href":"https:\/\/irtecon.com\/en\/wp-json\/wp\/v2\/comments?post=1971"}],"version-history":[{"count":16,"href":"https:\/\/irtecon.com\/en\/wp-json\/wp\/v2\/pages\/1971\/revisions"}],"predecessor-version":[{"id":2178,"href":"https:\/\/irtecon.com\/en\/wp-json\/wp\/v2\/pages\/1971\/revisions\/2178"}],"wp:attachment":[{"href":"https:\/\/irtecon.com\/en\/wp-json\/wp\/v2\/media?parent=1971"}],"curies":[{"name":"wp","href":"https:\/\/api.w.org\/{rel}","templated":true}]}}