{"id":2781,"date":"2023-04-27T08:21:27","date_gmt":"2023-04-27T08:21:27","guid":{"rendered":"https:\/\/irtecon.com\/?page_id=2781"},"modified":"2023-04-27T08:57:27","modified_gmt":"2023-04-27T08:57:27","slug":"politica-ambiental","status":"publish","type":"page","link":"https:\/\/irtecon.com\/en\/politica-ambiental\/","title":{"rendered":"Environmental Policy"},"content":{"rendered":"\t\t<div data-elementor-type=\"wp-page\" data-elementor-id=\"2781\" class=\"elementor elementor-2781\">\n\t\t\t\t\t\t<section class=\"elementor-section elementor-top-section elementor-element elementor-element-7c5abae0 elementor-section-stretched elementor-section-boxed elementor-section-height-default elementor-section-height-default\" data-id=\"7c5abae0\" data-element_type=\"section\" data-settings=\"{&quot;stretch_section&quot;:&quot;section-stretched&quot;,&quot;background_background&quot;:&quot;slideshow&quot;,&quot;background_slideshow_gallery&quot;:[{&quot;id&quot;:2784,&quot;url&quot;:&quot;https:\\\/\\\/irtecon.com\\\/wp-content\\\/uploads\\\/2023\\\/04\\\/Politica-ambienta.jpg&quot;}],&quot;background_slideshow_loop&quot;:&quot;yes&quot;,&quot;background_slideshow_slide_duration&quot;:5000,&quot;background_slideshow_slide_transition&quot;:&quot;fade&quot;,&quot;background_slideshow_transition_duration&quot;:500}\">\n\t\t\t\t\t\t<div class=\"elementor-container elementor-column-gap-default\">\n\t\t\t\t\t<div class=\"elementor-column elementor-col-100 elementor-top-column elementor-element elementor-element-1921126\" data-id=\"1921126\" data-element_type=\"column\">\n\t\t\t<div class=\"elementor-widget-wrap elementor-element-populated\">\n\t\t\t\t\t\t<div class=\"elementor-element elementor-element-621831a0 elementor-widget elementor-widget-text-editor\" data-id=\"621831a0\" data-element_type=\"widget\" data-widget_type=\"text-editor.default\">\n\t\t\t\t<div class=\"elementor-widget-container\">\n\t\t\t\t\t\t\t<p>\u00a0<\/p><p style=\"text-align: center;\"><span style=\"color: #ffffff;\"><strong><span style=\"font-size: 30px;\">POL\u00cdTICA AMBIENTAL DE <\/span><span style=\"font-size: 30px;\">IRTECON<\/span><\/strong><\/span><\/p><p style=\"text-align: center;\"><span style=\"color: #ffffff;\"><strong>REFERENTE A LA NORMA INTERNACIONAL ISO 14001 EN VIGOR Y DENTRO DEL \u00c1MBITO DE APLICACI\u00d3N DEL SISTEMA DE GESTI\u00d3N INTEGRAL, IRTECON S.L PUBLICA EN SU P\u00c1GINA WEB A DISPOSICI\u00d3N DE TODAS LAS PARTES INTERESADAS, INFORMACI\u00d3N RELEVANTE SOBRE LOS ASPECTOS AMBIENTALES IDENTIFICADOS Y EVALUADOS EN EL DESARROLLO DE SU ACTIVIDAD. ESTA INFORMACI\u00d3N LA MANTENDREMOS ACTUALIZADA EN BASE A CAMBIOS SUSTANCIALES EN SU ACTIVIDAD O DE NUEVAS ACTIVIDADES O SERVICIOS QUE SE PUEDAN DESARROLLAR.<\/strong><\/span><\/p><div class=\"elementor-element elementor-element-3cfcf47 elementor-widget elementor-widget-text-editor\" data-id=\"3cfcf47\" data-element_type=\"widget\" data-widget_type=\"text-editor.default\"><div class=\"elementor-widget-container\"><div class=\"elementor-text-editor elementor-clearfix\"><p><span style=\"color: #ffffff;\"><strong>LA NORMA INTERNACIONAL ISO 14001 DEFINE ASPECTO AMBIENTAL COMO \u201cELEMENTO DE LAS ACTIVIDADES, PRODUCTOS O SERVICIOS DE UNA ORGANIZACI\u00d3N QUE PUEDE INTERACTUAR CON EL MEDIO AMBIENTE. LA MISMA NORMA DEFINE IMPACTO AMBIENTAL COMO \u201cCUALQUIER CAMBIO EN EL MEDIO AMBIENTE, YA SEA ADVERSO O BENEFICIOSO, COMO RESULTADO TOTAL O PARCIAL DE LOS ASPECTOS AMBIENTALES DE UNA ORGANIZACI\u00d3N.<\/strong><\/span><\/p><p><span style=\"color: #ffffff;\"><strong>LA EVALUACI\u00d3N DE LOS IMPACTOS AMBIENTALES LA REALIZAMOS ANUALMENTE EN BASE A CRITERIOS DE NATURALEZA, MAGNITUD Y TOXICIDAD\/PELIGROSIDAD, Y ACTUAMOS SOBRE TODOS AQUELLOS ASPECTOS AMBIENTALES CON UN NIVEL DE SIGNIFICANCIA ALTO DENTRO DE LOS BAREMOS DE NUESTROS PROCEDIMIENTOS.<\/strong><\/span><\/p><p>\u00a0<\/p><\/div><\/div><\/div><div class=\"elementor-element elementor-element-578ecb2 elementor-widget elementor-widget-text-editor\" data-id=\"578ecb2\" data-element_type=\"widget\" data-widget_type=\"text-editor.default\"><div class=\"elementor-widget-container\"><div class=\"elementor-text-editor elementor-clearfix\">\u00a0<\/div><\/div><\/div><p>\u00a0<\/p>\t\t\t\t\t\t<\/div>\n\t\t\t\t<\/div>\n\t\t\t\t\t<\/div>\n\t\t<\/div>\n\t\t\t\t\t<\/div>\n\t\t<\/section>\n\t\t\t\t<section class=\"elementor-section elementor-top-section elementor-element elementor-element-83e08d3 elementor-section-boxed elementor-section-height-default elementor-section-height-default\" data-id=\"83e08d3\" data-element_type=\"section\">\n\t\t\t\t\t\t<div class=\"elementor-container elementor-column-gap-default\">\n\t\t\t\t\t<div class=\"elementor-column elementor-col-100 elementor-top-column elementor-element elementor-element-73ec300\" data-id=\"73ec300\" data-element_type=\"column\">\n\t\t\t<div class=\"elementor-widget-wrap elementor-element-populated\">\n\t\t\t\t\t\t<div class=\"elementor-element elementor-element-234756c elementor-widget elementor-widget-spacer\" data-id=\"234756c\" data-element_type=\"widget\" data-widget_type=\"spacer.default\">\n\t\t\t\t<div class=\"elementor-widget-container\">\n\t\t\t\t\t<div class=\"elementor-spacer\">\n\t\t\t<div class=\"elementor-spacer-inner\"><\/div>\n\t\t<\/div>\n\t\t\t\t<\/div>\n\t\t\t\t<\/div>\n\t\t\t\t\t<\/div>\n\t\t<\/div>\n\t\t\t\t\t<\/div>\n\t\t<\/section>\n\t\t\t\t<section class=\"elementor-section elementor-top-section elementor-element elementor-element-8679b92 elementor-section-stretched elementor-section-boxed elementor-section-height-default elementor-section-height-default\" data-id=\"8679b92\" data-element_type=\"section\" data-settings=\"{&quot;stretch_section&quot;:&quot;section-stretched&quot;}\">\n\t\t\t\t\t\t<div class=\"elementor-container elementor-column-gap-default\">\n\t\t\t\t\t<div class=\"elementor-column elementor-col-100 elementor-top-column elementor-element elementor-element-9ba0fe7\" data-id=\"9ba0fe7\" data-element_type=\"column\">\n\t\t\t<div class=\"elementor-widget-wrap elementor-element-populated\">\n\t\t\t\t\t\t<div class=\"elementor-element elementor-element-0ab83ff elementor-widget elementor-widget-image\" data-id=\"0ab83ff\" data-element_type=\"widget\" data-widget_type=\"image.default\">\n\t\t\t\t<div class=\"elementor-widget-container\">\n\t\t\t\t\t\t\t\t\t\t\t\t\t<img decoding=\"async\" width=\"300\" height=\"128\" src=\"https:\/\/irtecon.com\/wp-content\/uploads\/2023\/04\/logo-no-border-1-300x128.jpg\" class=\"attachment-medium size-medium wp-image-2596\" alt=\"\" srcset=\"https:\/\/irtecon.com\/wp-content\/uploads\/2023\/04\/logo-no-border-1-300x128.jpg 300w, https:\/\/irtecon.com\/wp-content\/uploads\/2023\/04\/logo-no-border-1-18x8.jpg 18w, https:\/\/irtecon.com\/wp-content\/uploads\/2023\/04\/logo-no-border-1-230x98.jpg 230w, https:\/\/irtecon.com\/wp-content\/uploads\/2023\/04\/logo-no-border-1-350x150.jpg 350w, https:\/\/irtecon.com\/wp-content\/uploads\/2023\/04\/logo-no-border-1-480x205.jpg 480w, https:\/\/irtecon.com\/wp-content\/uploads\/2023\/04\/logo-no-border-1.jpg 603w\" sizes=\"(max-width: 300px) 100vw, 300px\" \/>\t\t\t\t\t\t\t\t\t\t\t\t\t<\/div>\n\t\t\t\t<\/div>\n\t\t\t\t\t<\/div>\n\t\t<\/div>\n\t\t\t\t\t<\/div>\n\t\t<\/section>\n\t\t\t\t<\/div>\n\t\t","protected":false},"excerpt":{"rendered":"<p>\u00a0 POL\u00cdTICA AMBIENTAL DE IRTECON REFERENTE A LA NORMA INTERNACIONAL ISO 14001 EN VIGOR Y DENTRO DEL \u00c1MBITO DE APLICACI\u00d3N DEL SISTEMA [&hellip;]<\/p>\n","protected":false},"author":6,"featured_media":0,"parent":0,"menu_order":0,"comment_status":"closed","ping_status":"closed","template":"","meta":{"footnotes":""},"yoast_head":"<!-- This site is optimized with the Yoast SEO plugin v24.5 - https:\/\/yoast.com\/wordpress\/plugins\/seo\/ -->\n<title>Pol\u00edtica Ambiental - Irtecon<\/title>\n<meta name=\"robots\" content=\"index, follow, max-snippet:-1, max-image-preview:large, max-video-preview:-1\" \/>\n<link rel=\"canonical\" href=\"https:\/\/irtecon.com\/en\/politica-ambiental\/\" \/>\n<meta property=\"og:locale\" content=\"en_US\" \/>\n<meta property=\"og:type\" content=\"article\" \/>\n<meta property=\"og:title\" content=\"Pol\u00edtica Ambiental - Irtecon\" \/>\n<meta property=\"og:description\" content=\"\u00a0 POL\u00cdTICA AMBIENTAL DE IRTECON REFERENTE A LA NORMA INTERNACIONAL ISO 14001 EN VIGOR Y DENTRO DEL \u00c1MBITO DE APLICACI\u00d3N DEL SISTEMA [&hellip;]\" \/>\n<meta property=\"og:url\" content=\"https:\/\/irtecon.com\/en\/politica-ambiental\/\" \/>\n<meta property=\"og:site_name\" content=\"Irtecon\" \/>\n<meta property=\"article:modified_time\" content=\"2023-04-27T08:57:27+00:00\" \/>\n<meta property=\"og:image\" content=\"https:\/\/irtecon.com\/wp-content\/uploads\/2023\/04\/logo-no-border-1-300x128.jpg\" \/>\n<meta name=\"twitter:card\" content=\"summary_large_image\" \/>\n<meta name=\"twitter:label1\" content=\"Est. reading time\" \/>\n\t<meta name=\"twitter:data1\" content=\"2 minutes\" \/>\n<script type=\"application\/ld+json\" class=\"yoast-schema-graph\">{\"@context\":\"https:\/\/schema.org\",\"@graph\":[{\"@type\":\"WebPage\",\"@id\":\"https:\/\/irtecon.com\/politica-ambiental\/\",\"url\":\"https:\/\/irtecon.com\/politica-ambiental\/\",\"name\":\"Pol\u00edtica Ambiental - Irtecon\",\"isPartOf\":{\"@id\":\"https:\/\/irtecon.com\/#website\"},\"primaryImageOfPage\":{\"@id\":\"https:\/\/irtecon.com\/politica-ambiental\/#primaryimage\"},\"image\":{\"@id\":\"https:\/\/irtecon.com\/politica-ambiental\/#primaryimage\"},\"thumbnailUrl\":\"https:\/\/irtecon.com\/wp-content\/uploads\/2023\/04\/logo-no-border-1-300x128.jpg\",\"datePublished\":\"2023-04-27T08:21:27+00:00\",\"dateModified\":\"2023-04-27T08:57:27+00:00\",\"breadcrumb\":{\"@id\":\"https:\/\/irtecon.com\/politica-ambiental\/#breadcrumb\"},\"inLanguage\":\"en-US\",\"potentialAction\":[{\"@type\":\"ReadAction\",\"target\":[\"https:\/\/irtecon.com\/politica-ambiental\/\"]}]},{\"@type\":\"ImageObject\",\"inLanguage\":\"en-US\",\"@id\":\"https:\/\/irtecon.com\/politica-ambiental\/#primaryimage\",\"url\":\"https:\/\/irtecon.com\/wp-content\/uploads\/2023\/04\/logo-no-border-1-300x128.jpg\",\"contentUrl\":\"https:\/\/irtecon.com\/wp-content\/uploads\/2023\/04\/logo-no-border-1-300x128.jpg\"},{\"@type\":\"BreadcrumbList\",\"@id\":\"https:\/\/irtecon.com\/politica-ambiental\/#breadcrumb\",\"itemListElement\":[{\"@type\":\"ListItem\",\"position\":1,\"name\":\"Portada\",\"item\":\"https:\/\/irtecon.com\/\"},{\"@type\":\"ListItem\",\"position\":2,\"name\":\"Pol\u00edtica Ambiental\"}]},{\"@type\":\"WebSite\",\"@id\":\"https:\/\/irtecon.com\/#website\",\"url\":\"https:\/\/irtecon.com\/\",\"name\":\"Irtecon\",\"description\":\"International Road Technology Consulting\",\"publisher\":{\"@id\":\"https:\/\/irtecon.com\/#organization\"},\"potentialAction\":[{\"@type\":\"SearchAction\",\"target\":{\"@type\":\"EntryPoint\",\"urlTemplate\":\"https:\/\/irtecon.com\/?s={search_term_string}\"},\"query-input\":{\"@type\":\"PropertyValueSpecification\",\"valueRequired\":true,\"valueName\":\"search_term_string\"}}],\"inLanguage\":\"en-US\"},{\"@type\":\"Organization\",\"@id\":\"https:\/\/irtecon.com\/#organization\",\"name\":\"Irtecon\",\"url\":\"https:\/\/irtecon.com\/\",\"logo\":{\"@type\":\"ImageObject\",\"inLanguage\":\"en-US\",\"@id\":\"https:\/\/irtecon.com\/#\/schema\/logo\/image\/\",\"url\":\"https:\/\/irtecon.com\/wp-content\/uploads\/2022\/11\/logo_trans_250.png\",\"contentUrl\":\"https:\/\/irtecon.com\/wp-content\/uploads\/2022\/11\/logo_trans_250.png\",\"width\":250,\"height\":107,\"caption\":\"Irtecon\"},\"image\":{\"@id\":\"https:\/\/irtecon.com\/#\/schema\/logo\/image\/\"}}]}<\/script>\n<!-- \/ Yoast SEO plugin. -->","yoast_head_json":{"title":"Pol\u00edtica Ambiental - Irtecon","robots":{"index":"index","follow":"follow","max-snippet":"max-snippet:-1","max-image-preview":"max-image-preview:large","max-video-preview":"max-video-preview:-1"},"canonical":"https:\/\/irtecon.com\/en\/politica-ambiental\/","og_locale":"en_US","og_type":"article","og_title":"Pol\u00edtica Ambiental - Irtecon","og_description":"\u00a0 POL\u00cdTICA AMBIENTAL DE IRTECON REFERENTE A LA NORMA INTERNACIONAL ISO 14001 EN VIGOR Y DENTRO DEL \u00c1MBITO DE APLICACI\u00d3N DEL SISTEMA [&hellip;]","og_url":"https:\/\/irtecon.com\/en\/politica-ambiental\/","og_site_name":"Irtecon","article_modified_time":"2023-04-27T08:57:27+00:00","og_image":[{"url":"https:\/\/irtecon.com\/wp-content\/uploads\/2023\/04\/logo-no-border-1-300x128.jpg","type":"","width":"","height":""}],"twitter_card":"summary_large_image","twitter_misc":{"Est. reading time":"2 minutes"},"schema":{"@context":"https:\/\/schema.org","@graph":[{"@type":"WebPage","@id":"https:\/\/irtecon.com\/politica-ambiental\/","url":"https:\/\/irtecon.com\/politica-ambiental\/","name":"Pol\u00edtica Ambiental - Irtecon","isPartOf":{"@id":"https:\/\/irtecon.com\/#website"},"primaryImageOfPage":{"@id":"https:\/\/irtecon.com\/politica-ambiental\/#primaryimage"},"image":{"@id":"https:\/\/irtecon.com\/politica-ambiental\/#primaryimage"},"thumbnailUrl":"https:\/\/irtecon.com\/wp-content\/uploads\/2023\/04\/logo-no-border-1-300x128.jpg","datePublished":"2023-04-27T08:21:27+00:00","dateModified":"2023-04-27T08:57:27+00:00","breadcrumb":{"@id":"https:\/\/irtecon.com\/politica-ambiental\/#breadcrumb"},"inLanguage":"en-US","potentialAction":[{"@type":"ReadAction","target":["https:\/\/irtecon.com\/politica-ambiental\/"]}]},{"@type":"ImageObject","inLanguage":"en-US","@id":"https:\/\/irtecon.com\/politica-ambiental\/#primaryimage","url":"https:\/\/irtecon.com\/wp-content\/uploads\/2023\/04\/logo-no-border-1-300x128.jpg","contentUrl":"https:\/\/irtecon.com\/wp-content\/uploads\/2023\/04\/logo-no-border-1-300x128.jpg"},{"@type":"BreadcrumbList","@id":"https:\/\/irtecon.com\/politica-ambiental\/#breadcrumb","itemListElement":[{"@type":"ListItem","position":1,"name":"Portada","item":"https:\/\/irtecon.com\/"},{"@type":"ListItem","position":2,"name":"Pol\u00edtica Ambiental"}]},{"@type":"WebSite","@id":"https:\/\/irtecon.com\/#website","url":"https:\/\/irtecon.com\/","name":"Irtecon","description":"International Road Technology Consulting","publisher":{"@id":"https:\/\/irtecon.com\/#organization"},"potentialAction":[{"@type":"SearchAction","target":{"@type":"EntryPoint","urlTemplate":"https:\/\/irtecon.com\/?s={search_term_string}"},"query-input":{"@type":"PropertyValueSpecification","valueRequired":true,"valueName":"search_term_string"}}],"inLanguage":"en-US"},{"@type":"Organization","@id":"https:\/\/irtecon.com\/#organization","name":"Irtecon","url":"https:\/\/irtecon.com\/","logo":{"@type":"ImageObject","inLanguage":"en-US","@id":"https:\/\/irtecon.com\/#\/schema\/logo\/image\/","url":"https:\/\/irtecon.com\/wp-content\/uploads\/2022\/11\/logo_trans_250.png","contentUrl":"https:\/\/irtecon.com\/wp-content\/uploads\/2022\/11\/logo_trans_250.png","width":250,"height":107,"caption":"Irtecon"},"image":{"@id":"https:\/\/irtecon.com\/#\/schema\/logo\/image\/"}}]}},"_links":{"self":[{"href":"https:\/\/irtecon.com\/en\/wp-json\/wp\/v2\/pages\/2781"}],"collection":[{"href":"https:\/\/irtecon.com\/en\/wp-json\/wp\/v2\/pages"}],"about":[{"href":"https:\/\/irtecon.com\/en\/wp-json\/wp\/v2\/types\/page"}],"author":[{"embeddable":true,"href":"https:\/\/irtecon.com\/en\/wp-json\/wp\/v2\/users\/6"}],"replies":[{"embeddable":true,"href":"https:\/\/irtecon.com\/en\/wp-json\/wp\/v2\/comments?post=2781"}],"version-history":[{"count":14,"href":"https:\/\/irtecon.com\/en\/wp-json\/wp\/v2\/pages\/2781\/revisions"}],"predecessor-version":[{"id":2805,"href":"https:\/\/irtecon.com\/en\/wp-json\/wp\/v2\/pages\/2781\/revisions\/2805"}],"wp:attachment":[{"href":"https:\/\/irtecon.com\/en\/wp-json\/wp\/v2\/media?parent=2781"}],"curies":[{"name":"wp","href":"https:\/\/api.w.org\/{rel}","templated":true}]}}